{"id":13901,"date":"2020-12-12T16:30:45","date_gmt":"2020-12-12T16:30:45","guid":{"rendered":"https:\/\/www.evim-consulting.at\/?page_id=13901"},"modified":"2020-12-15T00:05:51","modified_gmt":"2020-12-15T00:05:51","slug":"ev-sigortasi","status":"publish","type":"page","link":"https:\/\/www.evim-finanz.at\/tr\/ev-sigortasi\/","title":{"rendered":"Ev Sigortas\u0131"},"content":{"rendered":"\t\t<div data-elementor-type=\"wp-page\" data-elementor-id=\"13901\" class=\"elementor elementor-13901\" data-elementor-post-type=\"page\">\n\t\t\t\t\t\t<section class=\"elementor-section elementor-top-section elementor-element elementor-element-7ae4d1af elementor-section-stretched elementor-section-boxed elementor-section-height-default elementor-section-height-default\" data-id=\"7ae4d1af\" data-element_type=\"section\" data-e-type=\"section\" data-settings=\"{&quot;stretch_section&quot;:&quot;section-stretched&quot;}\">\n\t\t\t\t\t\t<div class=\"elementor-container elementor-column-gap-default\">\n\t\t\t\t\t<div class=\"elementor-column elementor-col-100 elementor-top-column elementor-element elementor-element-4d67ce79\" data-id=\"4d67ce79\" data-element_type=\"column\" data-e-type=\"column\">\n\t\t\t<div class=\"elementor-widget-wrap elementor-element-populated\">\n\t\t\t\t\t\t<div class=\"elementor-element elementor-element-78b1b2aa elementor-widget elementor-widget-pix-highlighted-text\" data-id=\"78b1b2aa\" data-element_type=\"widget\" data-e-type=\"widget\" data-widget_type=\"pix-highlighted-text.default\">\n\t\t\t\t<div class=\"elementor-widget-container\">\n\t\t\t\t\t<div id=\"el-78b1b2aa\" class=\"pix-highlighted-element text-center \"><h2 class=\"pix-highlighted-items \" style=\"\" data-anim-type=\"\" data-anim-delay=\"\"><span id=\"el-78b1b2aa-0\"  class=\" elementor-repeater-item-7b79b0a\"><span   class=\"pix-highlighted-text  pix-highlight-item font-weight-normal  body-font text-heading-default\">Kendi Evinize Sahip Olmak <br><\/span><\/span><span id=\"el-78b1b2aa-1\" class=\"pix-highlight-bg   elementor-repeater-item-5518169 animate-in\" data-anim-type=\"highlight-grow\" data-anim-delay=\"200\"><span   class=\"pix-highlighted-text pix-highlight-item font-weight-normal  font-weight-bold heading-font text-heading-default\">Art\u0131k Hayal De\u011fil!<\/span><\/span><\/h2><\/div>\t\t\t\t<\/div>\n\t\t\t\t<\/div>\n\t\t\t\t\t<\/div>\n\t\t<\/div>\n\t\t\t\t\t<\/div>\n\t\t<\/section>\n\t\t\t\t<section class=\"elementor-section elementor-top-section elementor-element elementor-element-a6a2258 elementor-section-boxed elementor-section-height-default elementor-section-height-default\" data-id=\"a6a2258\" data-element_type=\"section\" data-e-type=\"section\">\n\t\t\t\t\t\t<div class=\"elementor-container elementor-column-gap-default\">\n\t\t\t\t\t<div class=\"elementor-column elementor-col-50 elementor-top-column elementor-element elementor-element-ee01532\" data-id=\"ee01532\" data-element_type=\"column\" data-e-type=\"column\">\n\t\t\t<div class=\"elementor-widget-wrap elementor-element-populated\">\n\t\t\t\t\t\t<div class=\"elementor-element elementor-element-3e11f95 elementor-widget elementor-widget-image\" data-id=\"3e11f95\" data-element_type=\"widget\" data-e-type=\"widget\" data-widget_type=\"image.default\">\n\t\t\t\t<div class=\"elementor-widget-container\">\n\t\t\t\t\t\t\t\t\t\t\t\t\t\t\t<img fetchpriority=\"high\" decoding=\"async\" width=\"332\" height=\"350\" src=\"https:\/\/www.evim-finanz.at\/wp-content\/uploads\/2020\/12\/feature-3.png\" class=\"attachment-1536x1536 size-1536x1536 wp-image-13868\" alt=\"\" srcset=\"https:\/\/www.evim-finanz.at\/wp-content\/uploads\/2020\/12\/feature-3.png 332w, https:\/\/www.evim-finanz.at\/wp-content\/uploads\/2020\/12\/feature-3-285x300.png 285w\" sizes=\"(max-width: 332px) 100vw, 332px\" \/>\t\t\t\t\t\t\t\t\t\t\t\t\t\t\t<\/div>\n\t\t\t\t<\/div>\n\t\t\t\t\t<\/div>\n\t\t<\/div>\n\t\t\t\t<div class=\"elementor-column elementor-col-50 elementor-top-column elementor-element elementor-element-7e26f66\" data-id=\"7e26f66\" data-element_type=\"column\" data-e-type=\"column\">\n\t\t\t<div class=\"elementor-widget-wrap elementor-element-populated\">\n\t\t\t\t\t\t<div class=\"elementor-element elementor-element-038994f elementor-widget elementor-widget-text-editor\" data-id=\"038994f\" data-element_type=\"widget\" data-e-type=\"widget\" data-widget_type=\"text-editor.default\">\n\t\t\t\t<div class=\"elementor-widget-container\">\n\t\t\t\t\t\t\t\t\t<p style=\"text-align: center;\">&#8220;Normal&#8221; kiral\u0131k apartman dairelerinde e\u015fyalar\u0131n\u0131z\u0131 sigortalaman\u0131n yan\u0131 s\u0131ra duvarlar ve \u00e7at\u0131 i\u00e7in de \u00f6nlem alman\u0131z gerekir. E\u011fer daireniz kiral\u0131k ise, sigorta i\u015flemleri gayrimenkul \u015firketi taraf\u0131ndan yerine ger\u00e7ekle\u015ftirilir. E\u011fer ev sahibi sizseniz sigorta i\u015flemlerinden kendiniz sorumlusunuzdur.<\/p>\t\t\t\t\t\t\t\t<\/div>\n\t\t\t\t<\/div>\n\t\t\t\t\t<\/div>\n\t\t<\/div>\n\t\t\t\t\t<\/div>\n\t\t<\/section>\n\t\t\t\t<\/div>\n\t\t","protected":false},"excerpt":{"rendered":"<p>Kendi Evinize Sahip Olmak Art\u0131k Hayal De\u011fil! &#8220;Normal&#8221; kiral\u0131k apartman dairelerinde e\u015fyalar\u0131n\u0131z\u0131 sigortalaman\u0131n yan\u0131 s\u0131ra duvarlar ve \u00e7at\u0131 i\u00e7in de \u00f6nlem alman\u0131z gerekir. E\u011fer daireniz kiral\u0131k ise, sigorta i\u015flemleri gayrimenkul \u015firketi taraf\u0131ndan yerine ger\u00e7ekle\u015ftirilir. E\u011fer ev sahibi sizseniz sigorta i\u015flemlerinden&#8230;<\/p>\n","protected":false},"author":1,"featured_media":0,"parent":0,"menu_order":0,"comment_status":"closed","ping_status":"closed","template":"","meta":{"inline_featured_image":false,"footnotes":""},"class_list":["post-13901","page","type-page","status-publish","hentry"],"yoast_head":"<!-- This site is optimized with the Yoast SEO plugin v27.3 - https:\/\/yoast.com\/product\/yoast-seo-wordpress\/ -->\n<title>Ev Sigortas\u0131 - EVIM Finanz<\/title>\n<meta name=\"robots\" content=\"index, follow, max-snippet:-1, max-image-preview:large, max-video-preview:-1\" \/>\n<link rel=\"canonical\" href=\"https:\/\/www.evim-finanz.at\/tr\/ev-sigortasi\/\" \/>\n<meta property=\"og:locale\" content=\"tr_TR\" \/>\n<meta property=\"og:type\" content=\"article\" \/>\n<meta property=\"og:title\" content=\"Ev Sigortas\u0131 - EVIM Finanz\" \/>\n<meta property=\"og:description\" content=\"Kendi Evinize Sahip Olmak Art\u0131k Hayal De\u011fil! &#8220;Normal&#8221; kiral\u0131k apartman dairelerinde e\u015fyalar\u0131n\u0131z\u0131 sigortalaman\u0131n yan\u0131 s\u0131ra duvarlar ve \u00e7at\u0131 i\u00e7in de \u00f6nlem alman\u0131z gerekir. E\u011fer daireniz kiral\u0131k ise, sigorta i\u015flemleri gayrimenkul \u015firketi taraf\u0131ndan yerine ger\u00e7ekle\u015ftirilir. E\u011fer ev sahibi sizseniz sigorta i\u015flemlerinden...\" \/>\n<meta property=\"og:url\" content=\"https:\/\/www.evim-finanz.at\/tr\/ev-sigortasi\/\" \/>\n<meta property=\"og:site_name\" content=\"EVIM Finanz\" \/>\n<meta property=\"article:modified_time\" content=\"2020-12-15T00:05:51+00:00\" \/>\n<meta property=\"og:image\" content=\"https:\/\/www.evim-finanz.at\/wp-content\/uploads\/2020\/12\/feature-3.png\" \/>\n<meta name=\"twitter:card\" content=\"summary_large_image\" \/>\n<script type=\"application\/ld+json\" class=\"yoast-schema-graph\">{\"@context\":\"https:\\\/\\\/schema.org\",\"@graph\":[{\"@type\":\"WebPage\",\"@id\":\"https:\\\/\\\/www.evim-finanz.at\\\/tr\\\/ev-sigortasi\\\/\",\"url\":\"https:\\\/\\\/www.evim-finanz.at\\\/tr\\\/ev-sigortasi\\\/\",\"name\":\"Ev Sigortas\u0131 - EVIM Finanz\",\"isPartOf\":{\"@id\":\"https:\\\/\\\/www.evim-finanz.at\\\/#website\"},\"primaryImageOfPage\":{\"@id\":\"https:\\\/\\\/www.evim-finanz.at\\\/tr\\\/ev-sigortasi\\\/#primaryimage\"},\"image\":{\"@id\":\"https:\\\/\\\/www.evim-finanz.at\\\/tr\\\/ev-sigortasi\\\/#primaryimage\"},\"thumbnailUrl\":\"https:\\\/\\\/www.evim-finanz.at\\\/wp-content\\\/uploads\\\/2020\\\/12\\\/feature-3.png\",\"datePublished\":\"2020-12-12T16:30:45+00:00\",\"dateModified\":\"2020-12-15T00:05:51+00:00\",\"breadcrumb\":{\"@id\":\"https:\\\/\\\/www.evim-finanz.at\\\/tr\\\/ev-sigortasi\\\/#breadcrumb\"},\"inLanguage\":\"tr\",\"potentialAction\":[{\"@type\":\"ReadAction\",\"target\":[\"https:\\\/\\\/www.evim-finanz.at\\\/tr\\\/ev-sigortasi\\\/\"]}]},{\"@type\":\"ImageObject\",\"inLanguage\":\"tr\",\"@id\":\"https:\\\/\\\/www.evim-finanz.at\\\/tr\\\/ev-sigortasi\\\/#primaryimage\",\"url\":\"https:\\\/\\\/www.evim-finanz.at\\\/wp-content\\\/uploads\\\/2020\\\/12\\\/feature-3.png\",\"contentUrl\":\"https:\\\/\\\/www.evim-finanz.at\\\/wp-content\\\/uploads\\\/2020\\\/12\\\/feature-3.png\"},{\"@type\":\"BreadcrumbList\",\"@id\":\"https:\\\/\\\/www.evim-finanz.at\\\/tr\\\/ev-sigortasi\\\/#breadcrumb\",\"itemListElement\":[{\"@type\":\"ListItem\",\"position\":1,\"name\":\"Startseite\",\"item\":\"https:\\\/\\\/www.evim-finanz.at\\\/tr\\\/\"},{\"@type\":\"ListItem\",\"position\":2,\"name\":\"Ev Sigortas\u0131\"}]},{\"@type\":\"WebSite\",\"@id\":\"https:\\\/\\\/www.evim-finanz.at\\\/#website\",\"url\":\"https:\\\/\\\/www.evim-finanz.at\\\/\",\"name\":\"EVIM Finanz\",\"description\":\"EVIM Finanz ist Ihr Spezialist f\u00fcr Finanzen.\",\"potentialAction\":[{\"@type\":\"SearchAction\",\"target\":{\"@type\":\"EntryPoint\",\"urlTemplate\":\"https:\\\/\\\/www.evim-finanz.at\\\/?s={search_term_string}\"},\"query-input\":{\"@type\":\"PropertyValueSpecification\",\"valueRequired\":true,\"valueName\":\"search_term_string\"}}],\"inLanguage\":\"tr\"}]}<\/script>\n<!-- \/ Yoast SEO plugin. -->","yoast_head_json":{"title":"Ev Sigortas\u0131 - EVIM Finanz","robots":{"index":"index","follow":"follow","max-snippet":"max-snippet:-1","max-image-preview":"max-image-preview:large","max-video-preview":"max-video-preview:-1"},"canonical":"https:\/\/www.evim-finanz.at\/tr\/ev-sigortasi\/","og_locale":"tr_TR","og_type":"article","og_title":"Ev Sigortas\u0131 - EVIM Finanz","og_description":"Kendi Evinize Sahip Olmak Art\u0131k Hayal De\u011fil! &#8220;Normal&#8221; kiral\u0131k apartman dairelerinde e\u015fyalar\u0131n\u0131z\u0131 sigortalaman\u0131n yan\u0131 s\u0131ra duvarlar ve \u00e7at\u0131 i\u00e7in de \u00f6nlem alman\u0131z gerekir. E\u011fer daireniz kiral\u0131k ise, sigorta i\u015flemleri gayrimenkul \u015firketi taraf\u0131ndan yerine ger\u00e7ekle\u015ftirilir. E\u011fer ev sahibi sizseniz sigorta i\u015flemlerinden...","og_url":"https:\/\/www.evim-finanz.at\/tr\/ev-sigortasi\/","og_site_name":"EVIM Finanz","article_modified_time":"2020-12-15T00:05:51+00:00","og_image":[{"url":"https:\/\/www.evim-finanz.at\/wp-content\/uploads\/2020\/12\/feature-3.png","type":"","width":"","height":""}],"twitter_card":"summary_large_image","schema":{"@context":"https:\/\/schema.org","@graph":[{"@type":"WebPage","@id":"https:\/\/www.evim-finanz.at\/tr\/ev-sigortasi\/","url":"https:\/\/www.evim-finanz.at\/tr\/ev-sigortasi\/","name":"Ev Sigortas\u0131 - EVIM Finanz","isPartOf":{"@id":"https:\/\/www.evim-finanz.at\/#website"},"primaryImageOfPage":{"@id":"https:\/\/www.evim-finanz.at\/tr\/ev-sigortasi\/#primaryimage"},"image":{"@id":"https:\/\/www.evim-finanz.at\/tr\/ev-sigortasi\/#primaryimage"},"thumbnailUrl":"https:\/\/www.evim-finanz.at\/wp-content\/uploads\/2020\/12\/feature-3.png","datePublished":"2020-12-12T16:30:45+00:00","dateModified":"2020-12-15T00:05:51+00:00","breadcrumb":{"@id":"https:\/\/www.evim-finanz.at\/tr\/ev-sigortasi\/#breadcrumb"},"inLanguage":"tr","potentialAction":[{"@type":"ReadAction","target":["https:\/\/www.evim-finanz.at\/tr\/ev-sigortasi\/"]}]},{"@type":"ImageObject","inLanguage":"tr","@id":"https:\/\/www.evim-finanz.at\/tr\/ev-sigortasi\/#primaryimage","url":"https:\/\/www.evim-finanz.at\/wp-content\/uploads\/2020\/12\/feature-3.png","contentUrl":"https:\/\/www.evim-finanz.at\/wp-content\/uploads\/2020\/12\/feature-3.png"},{"@type":"BreadcrumbList","@id":"https:\/\/www.evim-finanz.at\/tr\/ev-sigortasi\/#breadcrumb","itemListElement":[{"@type":"ListItem","position":1,"name":"Startseite","item":"https:\/\/www.evim-finanz.at\/tr\/"},{"@type":"ListItem","position":2,"name":"Ev Sigortas\u0131"}]},{"@type":"WebSite","@id":"https:\/\/www.evim-finanz.at\/#website","url":"https:\/\/www.evim-finanz.at\/","name":"EVIM Finanz","description":"EVIM Finanz ist Ihr Spezialist f\u00fcr Finanzen.","potentialAction":[{"@type":"SearchAction","target":{"@type":"EntryPoint","urlTemplate":"https:\/\/www.evim-finanz.at\/?s={search_term_string}"},"query-input":{"@type":"PropertyValueSpecification","valueRequired":true,"valueName":"search_term_string"}}],"inLanguage":"tr"}]}},"_links":{"self":[{"href":"https:\/\/www.evim-finanz.at\/tr\/wp-json\/wp\/v2\/pages\/13901","targetHints":{"allow":["GET"]}}],"collection":[{"href":"https:\/\/www.evim-finanz.at\/tr\/wp-json\/wp\/v2\/pages"}],"about":[{"href":"https:\/\/www.evim-finanz.at\/tr\/wp-json\/wp\/v2\/types\/page"}],"author":[{"embeddable":true,"href":"https:\/\/www.evim-finanz.at\/tr\/wp-json\/wp\/v2\/users\/1"}],"replies":[{"embeddable":true,"href":"https:\/\/www.evim-finanz.at\/tr\/wp-json\/wp\/v2\/comments?post=13901"}],"version-history":[{"count":0,"href":"https:\/\/www.evim-finanz.at\/tr\/wp-json\/wp\/v2\/pages\/13901\/revisions"}],"wp:attachment":[{"href":"https:\/\/www.evim-finanz.at\/tr\/wp-json\/wp\/v2\/media?parent=13901"}],"curies":[{"name":"wp","href":"https:\/\/api.w.org\/{rel}","templated":true}]}}