{"id":13909,"date":"2020-12-12T16:36:08","date_gmt":"2020-12-12T16:36:08","guid":{"rendered":"https:\/\/www.evim-consulting.at\/?page_id=13909"},"modified":"2021-09-01T22:40:02","modified_gmt":"2021-09-01T22:40:02","slug":"ev-sigortasi-2","status":"publish","type":"page","link":"https:\/\/www.evim-finanz.at\/tr\/ev-sigortasi-2\/","title":{"rendered":"Ev sigortas\u0131"},"content":{"rendered":"\t\t<div data-elementor-type=\"wp-page\" data-elementor-id=\"13909\" class=\"elementor elementor-13909\" data-elementor-post-type=\"page\">\n\t\t\t\t\t\t<section class=\"elementor-section elementor-top-section elementor-element elementor-element-7657504 elementor-section-boxed elementor-section-height-default elementor-section-height-default\" data-id=\"7657504\" data-element_type=\"section\" data-e-type=\"section\" data-settings=\"{&quot;pix_scale_in&quot;:&quot;none&quot;}\">\n\t\t\t\t\t\t<div class=\"elementor-container elementor-column-gap-default\">\n\t\t\t\t\t<div class=\"elementor-column elementor-col-100 elementor-top-column elementor-element elementor-element-4055e228\" data-id=\"4055e228\" data-element_type=\"column\" data-e-type=\"column\" data-settings=\"{&quot;pix_scale_in&quot;:&quot;none&quot;}\">\n\t\t\t<div class=\"elementor-widget-wrap elementor-element-populated\">\n\t\t\t\t\t\t<div class=\"elementor-element elementor-element-157374f3 elementor-invisible elementor-widget elementor-widget-pix-badge\" data-id=\"157374f3\" data-element_type=\"widget\" data-e-type=\"widget\" data-widget_type=\"pix-badge.default\">\n\t\t\t\t<div class=\"elementor-widget-container\">\n\t\t\t\t\t<div class=\"pix-element-div w-100 text-center\"><span class=\"pix-badge-element h6 d-inline-flex mr-1 animate-in\" data-anim-type=\"fade-in-up\" data-anim-delay=\"0\"><span class=\"badge font-weight-bold secondary-font  bg-gray-2  \" style=\" \"><span class=\"text-heading-default\" style=\"\">Ev Sigortas\u0131<\/span><\/span><\/span><\/div>\t\t\t\t<\/div>\n\t\t\t\t<\/div>\n\t\t\t\t<div class=\"elementor-element elementor-element-3b6c0459 elementor-widget elementor-widget-pix-sliding-text\" data-id=\"3b6c0459\" data-element_type=\"widget\" data-e-type=\"widget\" data-widget_type=\"pix-sliding-text.default\">\n\t\t\t\t<div class=\"elementor-widget-container\">\n\t\t\t\t\t<div id=\"el-3b6c0459\" class=\"mb-3 text-center \"><h2 class=\"mb-32 pix-sliding-headline-2 animate-in font-weight-bold secondary-font \" data-anim-type=\"pix-sliding-text\" data-class=\"secondary-font text-heading-default\" style=\"\"><span class=\"slide-in-container \"><span class=\"pix-sliding-item secondary-font text-heading-default\" style=\"transition-delay: 0ms;\">Kimse&#32;<\/span><\/span> <span class=\"slide-in-container \"><span class=\"pix-sliding-item secondary-font text-heading-default\" style=\"transition-delay: 150ms;\">h\u0131rs\u0131zl\u0131\u011fa&#32;<\/span><\/span> <span class=\"slide-in-container \"><span class=\"pix-sliding-item secondary-font text-heading-default\" style=\"transition-delay: 300ms;\">kar\u015f\u0131&#32;<\/span><\/span> <span class=\"slide-in-container \"><span class=\"pix-sliding-item secondary-font text-heading-default\" style=\"transition-delay: 450ms;\">g\u00fcvende&#32;<\/span><\/span> <span class=\"slide-in-container \"><span class=\"pix-sliding-item secondary-font text-heading-default\" style=\"transition-delay: 600ms;\">de\u011fildir,&#32;<\/span><\/span> <span class=\"slide-in-container \"><span class=\"pix-sliding-item secondary-font text-heading-default\" style=\"transition-delay: 750ms;\">bu&#32;<\/span><\/span> <span class=\"slide-in-container \"><span class=\"pix-sliding-item secondary-font text-heading-default\" style=\"transition-delay: 900ms;\">y\u00fczden&#32;<\/span><\/span> <span class=\"slide-in-container \"><span class=\"pix-sliding-item secondary-font text-heading-default\" style=\"transition-delay: 1050ms;\">\u00e7ok&#32;<\/span><\/span> <span class=\"slide-in-container \"><span class=\"pix-sliding-item secondary-font text-heading-default\" style=\"transition-delay: 1200ms;\">ge\u00e7&#32;<\/span><\/span> <span class=\"slide-in-container \"><span class=\"pix-sliding-item secondary-font text-heading-default\" style=\"transition-delay: 1350ms;\">olmadan&#32;<\/span><\/span> <span class=\"slide-in-container \"><span class=\"pix-sliding-item secondary-font text-heading-default\" style=\"transition-delay: 1500ms;\">evinizi&#32;<\/span><\/span> <span class=\"slide-in-container \"><span class=\"pix-sliding-item secondary-font text-heading-default\" style=\"transition-delay: 1650ms;\">sigortalay\u0131n!&#32;<\/span><\/span> <\/h2><\/div>\t\t\t\t<\/div>\n\t\t\t\t<\/div>\n\t\t\t\t<div class=\"elementor-element elementor-element-39dcbf04 elementor-invisible elementor-widget elementor-widget-pix-text\" data-id=\"39dcbf04\" data-element_type=\"widget\" data-e-type=\"widget\" data-widget_type=\"pix-text.default\">\n\t\t\t\t<div class=\"elementor-widget-container\">\n\t\t\t\t\t<div class=\"pix-el-text w-100 text-center \" ><div class=\"d-inline-block\" style=\"max-width:600px;\"><p class=\"text-20 resp-option text-body-default text-center \" ><span class=\"text-body-default animate-in d-inline-block\" data-anim-delay=\"200\" data-anim-type=\"fade-in-up\">Ev sigortas\u0131, su basmas\u0131, yang\u0131n, h\u0131rs\u0131zl\u0131k, cam k\u0131r\u0131lmas\u0131 ve f\u0131rt\u0131nalar\u0131n neden oldu\u011fu hasarlar i\u00e7in sigorta teminat\u0131na ek olarak, sorumluluk sigortas\u0131 da sunmaktad\u0131r.<\/span><\/p><\/div><\/div>\t\t\t\t<\/div>\n\t\t\t\t<\/div>\n\t\t\t\t\t<\/div>\n\t\t<\/div>\n\t\t\t\t\t<\/div>\n\t\t<\/section>\n\t\t\t\t<section class=\"elementor-section elementor-top-section elementor-element elementor-element-3fad734 elementor-section-boxed elementor-section-height-default elementor-section-height-default\" data-id=\"3fad734\" data-element_type=\"section\" data-e-type=\"section\" data-settings=\"{&quot;pix_scale_in&quot;:&quot;none&quot;}\">\n\t\t\t\t\t\t<div class=\"elementor-container elementor-column-gap-default\">\n\t\t\t\t\t<div class=\"elementor-column elementor-col-33 elementor-top-column elementor-element elementor-element-1df85a4\" data-id=\"1df85a4\" data-element_type=\"column\" data-e-type=\"column\" data-settings=\"{&quot;pix_scale_in&quot;:&quot;none&quot;}\">\n\t\t\t<div class=\"elementor-widget-wrap\">\n\t\t\t\t\t\t\t<\/div>\n\t\t<\/div>\n\t\t\t\t<div class=\"elementor-column elementor-col-33 elementor-top-column elementor-element elementor-element-461270c\" data-id=\"461270c\" data-element_type=\"column\" data-e-type=\"column\" data-settings=\"{&quot;pix_scale_in&quot;:&quot;none&quot;}\">\n\t\t\t<div class=\"elementor-widget-wrap elementor-element-populated\">\n\t\t\t\t\t\t<div class=\"elementor-element elementor-element-b308fcc elementor-widget elementor-widget-image\" data-id=\"b308fcc\" data-element_type=\"widget\" data-e-type=\"widget\" data-widget_type=\"image.default\">\n\t\t\t\t<div class=\"elementor-widget-container\">\n\t\t\t\t\t\t\t\t\t\t\t\t\t\t\t<img fetchpriority=\"high\" decoding=\"async\" width=\"1536\" height=\"1022\" src=\"https:\/\/www.evim-finanz.at\/wp-content\/uploads\/2020\/12\/home-2-1536x1022.jpg\" class=\"attachment-1536x1536 size-1536x1536 wp-image-13719\" alt=\"\" srcset=\"https:\/\/www.evim-finanz.at\/wp-content\/uploads\/2020\/12\/home-2-1536x1022.jpg 1536w, https:\/\/www.evim-finanz.at\/wp-content\/uploads\/2020\/12\/home-2-300x200.jpg 300w, https:\/\/www.evim-finanz.at\/wp-content\/uploads\/2020\/12\/home-2-1024x681.jpg 1024w, https:\/\/www.evim-finanz.at\/wp-content\/uploads\/2020\/12\/home-2-768x511.jpg 768w, https:\/\/www.evim-finanz.at\/wp-content\/uploads\/2020\/12\/home-2-2048x1363.jpg 2048w\" sizes=\"(max-width: 1536px) 100vw, 1536px\" \/>\t\t\t\t\t\t\t\t\t\t\t\t\t\t\t<\/div>\n\t\t\t\t<\/div>\n\t\t\t\t<div class=\"elementor-element elementor-element-701ee9a elementor-widget elementor-widget-spacer\" data-id=\"701ee9a\" data-element_type=\"widget\" data-e-type=\"widget\" data-widget_type=\"spacer.default\">\n\t\t\t\t<div class=\"elementor-widget-container\">\n\t\t\t\t\t\t\t<div class=\"elementor-spacer\">\n\t\t\t<div class=\"elementor-spacer-inner\"><\/div>\n\t\t<\/div>\n\t\t\t\t\t\t<\/div>\n\t\t\t\t<\/div>\n\t\t\t\t\t<\/div>\n\t\t<\/div>\n\t\t\t\t<div class=\"elementor-column elementor-col-33 elementor-top-column elementor-element elementor-element-8d03f3a\" data-id=\"8d03f3a\" data-element_type=\"column\" data-e-type=\"column\" data-settings=\"{&quot;pix_scale_in&quot;:&quot;none&quot;}\">\n\t\t\t<div class=\"elementor-widget-wrap\">\n\t\t\t\t\t\t\t<\/div>\n\t\t<\/div>\n\t\t\t\t\t<\/div>\n\t\t<\/section>\n\t\t\t\t<section class=\"elementor-section elementor-top-section elementor-element elementor-element-57f344b9 elementor-section-stretched elementor-section-boxed elementor-section-height-default elementor-section-height-default\" data-id=\"57f344b9\" data-element_type=\"section\" data-e-type=\"section\" data-settings=\"{&quot;stretch_section&quot;:&quot;section-stretched&quot;,&quot;background_background&quot;:&quot;classic&quot;,&quot;pix_scale_in&quot;:&quot;none&quot;}\">\n\t\t\t\t\t\t<div class=\"elementor-container elementor-column-gap-default\">\n\t\t\t\t\t<div class=\"elementor-column elementor-col-33 elementor-top-column elementor-element elementor-element-1209c7a9\" data-id=\"1209c7a9\" data-element_type=\"column\" data-e-type=\"column\" data-settings=\"{&quot;pix_scale_in&quot;:&quot;none&quot;}\">\n\t\t\t<div class=\"elementor-widget-wrap elementor-element-populated\">\n\t\t\t\t\t\t<div class=\"elementor-element elementor-element-4c7aa533 elementor-widget elementor-widget-pix-badge\" data-id=\"4c7aa533\" data-element_type=\"widget\" data-e-type=\"widget\" data-widget_type=\"pix-badge.default\">\n\t\t\t\t<div class=\"elementor-widget-container\">\n\t\t\t\t\t<div class=\"pix-element-div w-100 text-left\"><span class=\"pix-badge-element h6 d-inline-flex mr-1 \"  ><span class=\"badge font-weight-bold secondary-font  bg-secondary  \" style=\" \"><span class=\"text-white\" style=\"\">EVIM Sigorta<\/span><\/span><\/span><\/div>\t\t\t\t<\/div>\n\t\t\t\t<\/div>\n\t\t\t\t<div class=\"elementor-element elementor-element-73fd66da elementor-invisible elementor-widget elementor-widget-pix-heading\" data-id=\"73fd66da\" data-element_type=\"widget\" data-e-type=\"widget\" data-widget_type=\"pix-heading.default\">\n\t\t\t\t<div class=\"elementor-widget-container\">\n\t\t\t\t\t<div  class=\"pix-heading-el text-left \"><h3 class=\"text-heading-default font-weight-bold h3 animate-in heading-text el-title_custom_color mb-12\" style=\"\" data-anim-type=\"fade-in-up\" data-anim-delay=\"200\">Sizi aramam\u0131z\u0131 ister misiniz? <\/h3><\/div>\t\t\t\t<\/div>\n\t\t\t\t<\/div>\n\t\t\t\t<div class=\"elementor-element elementor-element-3966e1f6 elementor-invisible elementor-widget elementor-widget-pix-text\" data-id=\"3966e1f6\" data-element_type=\"widget\" data-e-type=\"widget\" data-widget_type=\"pix-text.default\">\n\t\t\t\t<div class=\"elementor-widget-container\">\n\t\t\t\t\t<div class=\"pix-el-text w-100 text-left \" ><p class=\"text-18 resp-option text-body-default text-left \" ><span class=\"text-body-default animate-in d-inline-block\" data-anim-delay=\"900\" data-anim-type=\"fade-in\">L\u00fctfen bizimle ileti\u015fim bilgilerinizi payla\u015f\u0131n.<\/span><\/p><\/div>\t\t\t\t<\/div>\n\t\t\t\t<\/div>\n\t\t\t\t<div class=\"elementor-element elementor-element-19f65ff1 elementor-widget__width-auto elementor-widget elementor-widget-pix-button\" data-id=\"19f65ff1\" data-element_type=\"widget\" data-e-type=\"widget\" data-widget_type=\"pix-button.default\">\n\t\t\t\t<div class=\"elementor-widget-container\">\n\t\t\t\t\t<a  href=\"https:\/\/www.evim-consulting.at\/callback-service\/\" class=\"btn m-0     shadow shadow-hover btn-primary d-inline-flex align-items-center pix-hover-item      btn-rounded animate-in btn-normal\"   data-anim-type=\"fade-in-up\" data-anim-delay=\"800\" ><span class=\"font-weight-bold \" >Geri Ara Hizmeti<\/span><svg class=\"pixfort-icon font-weight-bold  pix-hover-right  ml-2\" width=\"24\" height=\"24\"  data-name=\"Line\/pixfort-icon-arrow-right-2\" viewBox=\"2 2 20 20\"><polyline fill=\"none\" stroke=\"var(--pf-icon-color)\" stroke-linecap=\"round\" stroke-linejoin=\"round\" stroke-width=\"var(--pf-icon-stroke-width)\" points=\"9.5 17 14.5 12 9.5 7\"\/><\/svg><\/a>\t\t\t\t<\/div>\n\t\t\t\t<\/div>\n\t\t\t\t\t<\/div>\n\t\t<\/div>\n\t\t\t\t<div class=\"elementor-column elementor-col-33 elementor-top-column elementor-element elementor-element-3e6a52dc\" data-id=\"3e6a52dc\" data-element_type=\"column\" data-e-type=\"column\" data-settings=\"{&quot;pix_scale_in&quot;:&quot;none&quot;}\">\n\t\t\t<div class=\"elementor-widget-wrap elementor-element-populated\">\n\t\t\t\t\t\t<div class=\"elementor-element elementor-element-39d4f935 bg-white shadow-sm shadow-hover-sm fly-sm rounded-10 elementor-invisible elementor-widget elementor-widget-pix-feature\" data-id=\"39d4f935\" data-element_type=\"widget\" data-e-type=\"widget\" data-widget_type=\"pix-feature.default\">\n\t\t\t\t<div class=\"elementor-widget-container\">\n\t\t\t\t\t<div id=\"pix-feature-39d4f935\" class=\"pix-feature-el  text-custom \"><h6 class=\"pix-feature-title  font-weight-bold  secondary-font text-heading-default animate-in\" style=\"padding-top:20px;\" data-anim-type=\"fade-in-up\" data-anim-delay=\"500\">Yang\u0131n<\/h6><div class=\"pix-feature-content text-body-default      animate-in\" style=\"padding-top:10px;\" data-anim-type=\"fade-in-up\" data-anim-delay=\"600\">Yang\u0131na kar\u015f\u0131 koruma (b\u00fcy\u00fck \u00e7apta meydana gelen), do\u011frudan y\u0131ld\u0131r\u0131m \u00e7arpmas\u0131, patlama ve u\u00e7ak kazas\u0131 gibi durumlarda<\/div><\/div>\t\t\t\t<\/div>\n\t\t\t\t<\/div>\n\t\t\t\t<div class=\"elementor-element elementor-element-31f30f42 bg-white shadow-sm shadow-hover-sm fly-sm rounded-10 elementor-invisible elementor-widget elementor-widget-pix-feature\" data-id=\"31f30f42\" data-element_type=\"widget\" data-e-type=\"widget\" data-widget_type=\"pix-feature.default\">\n\t\t\t\t<div class=\"elementor-widget-container\">\n\t\t\t\t\t<div id=\"pix-feature-31f30f42\" class=\"pix-feature-el  text-custom \"><h6 class=\"pix-feature-title  font-weight-bold  secondary-font text-heading-default animate-in\" style=\"padding-top:20px;\" data-anim-type=\"fade-in-up\" data-anim-delay=\"500\">F\u0131rt\u0131na<\/h6><div class=\"pix-feature-content text-body-default      animate-in\" style=\"padding-top:10px;\" data-anim-type=\"fade-in-up\" data-anim-delay=\"600\">F\u0131rt\u0131na hasar\u0131na, d\u00fc\u015fen kayalara kar\u015f\u0131 koruma. Heyelan ve \u00e7\u0131\u011f d\u00fc\u015fmesi gibi durumlarda. Sigorta genellikle in\u015faat faaliyetlerinin neden oldu\u011fu hasarlar\u0131 kapsamaz.<\/div><\/div>\t\t\t\t<\/div>\n\t\t\t\t<\/div>\n\t\t\t\t\t<\/div>\n\t\t<\/div>\n\t\t\t\t<div class=\"elementor-column elementor-col-33 elementor-top-column elementor-element elementor-element-5d2e0077\" data-id=\"5d2e0077\" data-element_type=\"column\" data-e-type=\"column\" data-settings=\"{&quot;pix_scale_in&quot;:&quot;none&quot;}\">\n\t\t\t<div class=\"elementor-widget-wrap elementor-element-populated\">\n\t\t\t\t\t\t<div class=\"elementor-element elementor-element-51afc84 bg-white shadow-sm shadow-hover-sm fly-sm rounded-10 elementor-invisible elementor-widget elementor-widget-pix-feature\" data-id=\"51afc84\" data-element_type=\"widget\" data-e-type=\"widget\" data-widget_type=\"pix-feature.default\">\n\t\t\t\t<div class=\"elementor-widget-container\">\n\t\t\t\t\t<div id=\"pix-feature-51afc84\" class=\"pix-feature-el  text-custom \"><h6 class=\"pix-feature-title  font-weight-bold  secondary-font text-heading-default animate-in\" style=\"padding-top:20px;\" data-anim-type=\"fade-in-up\" data-anim-delay=\"700\">Su Basmas\u0131<\/h6><div class=\"pix-feature-content text-body-default      animate-in\" style=\"padding-top:10px;\" data-anim-type=\"fade-in-up\" data-anim-delay=\"800\">Su borular\u0131n\u0131n ba\u011flant\u0131 par\u00e7alar\u0131ndan (musluk, du\u015f) veya ba\u011fl\u0131 ekipmandan (\u0131s\u0131tma, bula\u015f\u0131k makinesi) kaynakl\u0131 olu\u015fan hasarlara kar\u015f\u0131 koruma sigortas\u0131.<\/div><\/div>\t\t\t\t<\/div>\n\t\t\t\t<\/div>\n\t\t\t\t<div class=\"elementor-element elementor-element-7fb6aed0 bg-white shadow-sm shadow-hover-sm fly-sm rounded-10 elementor-invisible elementor-widget elementor-widget-pix-feature\" data-id=\"7fb6aed0\" data-element_type=\"widget\" data-e-type=\"widget\" data-widget_type=\"pix-feature.default\">\n\t\t\t\t<div class=\"elementor-widget-container\">\n\t\t\t\t\t<div id=\"pix-feature-7fb6aed0\" class=\"pix-feature-el  text-custom \"><h6 class=\"pix-feature-title  font-weight-bold  secondary-font text-heading-default animate-in\" style=\"padding-top:20px;\" data-anim-type=\"fade-in-up\" data-anim-delay=\"700\">Cam K\u0131r\u0131lmas\u0131<\/h6><div class=\"pix-feature-content text-body-default      animate-in\" style=\"padding-top:10px;\" data-anim-type=\"fade-in-up\" data-anim-delay=\"800\">Bina camlar\u0131nda, aynalarda ve ayr\u0131ca mobilya ve resim camlar\u0131nda (d\u00fcz cam) belirli bir boyuta kadar k\u0131r\u0131lma durumlar\u0131nda ge\u00e7erlidir. Bununla birlikte, sigorta genellikle di\u011fer \u015feylerin yan\u0131 s\u0131ra \u00e7izilmeleri, ufalanmalar\u0131 veya vandalizmi kapsamaz.<\/div><\/div>\t\t\t\t<\/div>\n\t\t\t\t<\/div>\n\t\t\t\t\t<\/div>\n\t\t<\/div>\n\t\t\t\t\t<\/div>\n\t\t<\/section>\n\t\t\t\t<\/div>\n\t\t","protected":false},"excerpt":{"rendered":"<p>Ev Sigortas\u0131 Kimse h\u0131rs\u0131zl\u0131\u011fa kar\u015f\u0131 g\u00fcvende de\u011fildir, bu y\u00fczden \u00e7ok ge\u00e7 olmadan evinizi sigortalay\u0131n! Ev sigortas\u0131, su basmas\u0131, yang\u0131n, h\u0131rs\u0131zl\u0131k, cam k\u0131r\u0131lmas\u0131 ve f\u0131rt\u0131nalar\u0131n neden oldu\u011fu hasarlar i\u00e7in sigorta teminat\u0131na ek olarak, sorumluluk sigortas\u0131 da sunmaktad\u0131r. EVIM Sigorta Sizi aramam\u0131z\u0131&#8230;<\/p>\n","protected":false},"author":1,"featured_media":0,"parent":0,"menu_order":0,"comment_status":"closed","ping_status":"closed","template":"","meta":{"inline_featured_image":false,"footnotes":""},"class_list":["post-13909","page","type-page","status-publish","hentry"],"yoast_head":"<!-- This site is optimized with the Yoast SEO plugin v27.4 - https:\/\/yoast.com\/product\/yoast-seo-wordpress\/ -->\n<title>Ev sigortas\u0131 - EVIM Finanz<\/title>\n<meta name=\"robots\" content=\"index, follow, max-snippet:-1, max-image-preview:large, max-video-preview:-1\" \/>\n<link rel=\"canonical\" href=\"https:\/\/www.evim-finanz.at\/tr\/ev-sigortasi-2\/\" \/>\n<meta property=\"og:locale\" content=\"tr_TR\" \/>\n<meta property=\"og:type\" content=\"article\" \/>\n<meta property=\"og:title\" content=\"Ev sigortas\u0131 - EVIM Finanz\" \/>\n<meta property=\"og:description\" content=\"Ev Sigortas\u0131 Kimse h\u0131rs\u0131zl\u0131\u011fa kar\u015f\u0131 g\u00fcvende de\u011fildir, bu y\u00fczden \u00e7ok ge\u00e7 olmadan evinizi sigortalay\u0131n! Ev sigortas\u0131, su basmas\u0131, yang\u0131n, h\u0131rs\u0131zl\u0131k, cam k\u0131r\u0131lmas\u0131 ve f\u0131rt\u0131nalar\u0131n neden oldu\u011fu hasarlar i\u00e7in sigorta teminat\u0131na ek olarak, sorumluluk sigortas\u0131 da sunmaktad\u0131r. EVIM Sigorta Sizi aramam\u0131z\u0131...\" \/>\n<meta property=\"og:url\" content=\"https:\/\/www.evim-finanz.at\/tr\/ev-sigortasi-2\/\" \/>\n<meta property=\"og:site_name\" content=\"EVIM Finanz\" \/>\n<meta property=\"article:modified_time\" content=\"2021-09-01T22:40:02+00:00\" \/>\n<meta property=\"og:image\" content=\"https:\/\/www.evim-finanz.at\/wp-content\/uploads\/2020\/12\/home-2-1536x1022.jpg\" \/>\n<meta name=\"twitter:card\" content=\"summary_large_image\" \/>\n<meta name=\"twitter:label1\" content=\"Tahmini okuma s\u00fcresi\" \/>\n\t<meta name=\"twitter:data1\" content=\"1 dakika\" \/>\n<script type=\"application\/ld+json\" class=\"yoast-schema-graph\">{\"@context\":\"https:\\\/\\\/schema.org\",\"@graph\":[{\"@type\":\"WebPage\",\"@id\":\"https:\\\/\\\/www.evim-finanz.at\\\/tr\\\/ev-sigortasi-2\\\/\",\"url\":\"https:\\\/\\\/www.evim-finanz.at\\\/tr\\\/ev-sigortasi-2\\\/\",\"name\":\"Ev sigortas\u0131 - EVIM Finanz\",\"isPartOf\":{\"@id\":\"https:\\\/\\\/www.evim-finanz.at\\\/#website\"},\"primaryImageOfPage\":{\"@id\":\"https:\\\/\\\/www.evim-finanz.at\\\/tr\\\/ev-sigortasi-2\\\/#primaryimage\"},\"image\":{\"@id\":\"https:\\\/\\\/www.evim-finanz.at\\\/tr\\\/ev-sigortasi-2\\\/#primaryimage\"},\"thumbnailUrl\":\"https:\\\/\\\/www.evim-finanz.at\\\/wp-content\\\/uploads\\\/2020\\\/12\\\/home-2-1536x1022.jpg\",\"datePublished\":\"2020-12-12T16:36:08+00:00\",\"dateModified\":\"2021-09-01T22:40:02+00:00\",\"breadcrumb\":{\"@id\":\"https:\\\/\\\/www.evim-finanz.at\\\/tr\\\/ev-sigortasi-2\\\/#breadcrumb\"},\"inLanguage\":\"tr\",\"potentialAction\":[{\"@type\":\"ReadAction\",\"target\":[\"https:\\\/\\\/www.evim-finanz.at\\\/tr\\\/ev-sigortasi-2\\\/\"]}]},{\"@type\":\"ImageObject\",\"inLanguage\":\"tr\",\"@id\":\"https:\\\/\\\/www.evim-finanz.at\\\/tr\\\/ev-sigortasi-2\\\/#primaryimage\",\"url\":\"https:\\\/\\\/www.evim-finanz.at\\\/wp-content\\\/uploads\\\/2020\\\/12\\\/home-2-1536x1022.jpg\",\"contentUrl\":\"https:\\\/\\\/www.evim-finanz.at\\\/wp-content\\\/uploads\\\/2020\\\/12\\\/home-2-1536x1022.jpg\"},{\"@type\":\"BreadcrumbList\",\"@id\":\"https:\\\/\\\/www.evim-finanz.at\\\/tr\\\/ev-sigortasi-2\\\/#breadcrumb\",\"itemListElement\":[{\"@type\":\"ListItem\",\"position\":1,\"name\":\"Startseite\",\"item\":\"https:\\\/\\\/www.evim-finanz.at\\\/tr\\\/\"},{\"@type\":\"ListItem\",\"position\":2,\"name\":\"Ev sigortas\u0131\"}]},{\"@type\":\"WebSite\",\"@id\":\"https:\\\/\\\/www.evim-finanz.at\\\/#website\",\"url\":\"https:\\\/\\\/www.evim-finanz.at\\\/\",\"name\":\"EVIM Finanz\",\"description\":\"EVIM Finanz ist Ihr Spezialist f\u00fcr Finanzen.\",\"potentialAction\":[{\"@type\":\"SearchAction\",\"target\":{\"@type\":\"EntryPoint\",\"urlTemplate\":\"https:\\\/\\\/www.evim-finanz.at\\\/?s={search_term_string}\"},\"query-input\":{\"@type\":\"PropertyValueSpecification\",\"valueRequired\":true,\"valueName\":\"search_term_string\"}}],\"inLanguage\":\"tr\"}]}<\/script>\n<!-- \/ Yoast SEO plugin. -->","yoast_head_json":{"title":"Ev sigortas\u0131 - EVIM Finanz","robots":{"index":"index","follow":"follow","max-snippet":"max-snippet:-1","max-image-preview":"max-image-preview:large","max-video-preview":"max-video-preview:-1"},"canonical":"https:\/\/www.evim-finanz.at\/tr\/ev-sigortasi-2\/","og_locale":"tr_TR","og_type":"article","og_title":"Ev sigortas\u0131 - EVIM Finanz","og_description":"Ev Sigortas\u0131 Kimse h\u0131rs\u0131zl\u0131\u011fa kar\u015f\u0131 g\u00fcvende de\u011fildir, bu y\u00fczden \u00e7ok ge\u00e7 olmadan evinizi sigortalay\u0131n! Ev sigortas\u0131, su basmas\u0131, yang\u0131n, h\u0131rs\u0131zl\u0131k, cam k\u0131r\u0131lmas\u0131 ve f\u0131rt\u0131nalar\u0131n neden oldu\u011fu hasarlar i\u00e7in sigorta teminat\u0131na ek olarak, sorumluluk sigortas\u0131 da sunmaktad\u0131r. EVIM Sigorta Sizi aramam\u0131z\u0131...","og_url":"https:\/\/www.evim-finanz.at\/tr\/ev-sigortasi-2\/","og_site_name":"EVIM Finanz","article_modified_time":"2021-09-01T22:40:02+00:00","og_image":[{"url":"https:\/\/www.evim-finanz.at\/wp-content\/uploads\/2020\/12\/home-2-1536x1022.jpg","type":"","width":"","height":""}],"twitter_card":"summary_large_image","twitter_misc":{"Tahmini okuma s\u00fcresi":"1 dakika"},"schema":{"@context":"https:\/\/schema.org","@graph":[{"@type":"WebPage","@id":"https:\/\/www.evim-finanz.at\/tr\/ev-sigortasi-2\/","url":"https:\/\/www.evim-finanz.at\/tr\/ev-sigortasi-2\/","name":"Ev sigortas\u0131 - EVIM Finanz","isPartOf":{"@id":"https:\/\/www.evim-finanz.at\/#website"},"primaryImageOfPage":{"@id":"https:\/\/www.evim-finanz.at\/tr\/ev-sigortasi-2\/#primaryimage"},"image":{"@id":"https:\/\/www.evim-finanz.at\/tr\/ev-sigortasi-2\/#primaryimage"},"thumbnailUrl":"https:\/\/www.evim-finanz.at\/wp-content\/uploads\/2020\/12\/home-2-1536x1022.jpg","datePublished":"2020-12-12T16:36:08+00:00","dateModified":"2021-09-01T22:40:02+00:00","breadcrumb":{"@id":"https:\/\/www.evim-finanz.at\/tr\/ev-sigortasi-2\/#breadcrumb"},"inLanguage":"tr","potentialAction":[{"@type":"ReadAction","target":["https:\/\/www.evim-finanz.at\/tr\/ev-sigortasi-2\/"]}]},{"@type":"ImageObject","inLanguage":"tr","@id":"https:\/\/www.evim-finanz.at\/tr\/ev-sigortasi-2\/#primaryimage","url":"https:\/\/www.evim-finanz.at\/wp-content\/uploads\/2020\/12\/home-2-1536x1022.jpg","contentUrl":"https:\/\/www.evim-finanz.at\/wp-content\/uploads\/2020\/12\/home-2-1536x1022.jpg"},{"@type":"BreadcrumbList","@id":"https:\/\/www.evim-finanz.at\/tr\/ev-sigortasi-2\/#breadcrumb","itemListElement":[{"@type":"ListItem","position":1,"name":"Startseite","item":"https:\/\/www.evim-finanz.at\/tr\/"},{"@type":"ListItem","position":2,"name":"Ev sigortas\u0131"}]},{"@type":"WebSite","@id":"https:\/\/www.evim-finanz.at\/#website","url":"https:\/\/www.evim-finanz.at\/","name":"EVIM Finanz","description":"EVIM Finanz ist Ihr Spezialist f\u00fcr Finanzen.","potentialAction":[{"@type":"SearchAction","target":{"@type":"EntryPoint","urlTemplate":"https:\/\/www.evim-finanz.at\/?s={search_term_string}"},"query-input":{"@type":"PropertyValueSpecification","valueRequired":true,"valueName":"search_term_string"}}],"inLanguage":"tr"}]}},"_links":{"self":[{"href":"https:\/\/www.evim-finanz.at\/tr\/wp-json\/wp\/v2\/pages\/13909","targetHints":{"allow":["GET"]}}],"collection":[{"href":"https:\/\/www.evim-finanz.at\/tr\/wp-json\/wp\/v2\/pages"}],"about":[{"href":"https:\/\/www.evim-finanz.at\/tr\/wp-json\/wp\/v2\/types\/page"}],"author":[{"embeddable":true,"href":"https:\/\/www.evim-finanz.at\/tr\/wp-json\/wp\/v2\/users\/1"}],"replies":[{"embeddable":true,"href":"https:\/\/www.evim-finanz.at\/tr\/wp-json\/wp\/v2\/comments?post=13909"}],"version-history":[{"count":1,"href":"https:\/\/www.evim-finanz.at\/tr\/wp-json\/wp\/v2\/pages\/13909\/revisions"}],"predecessor-version":[{"id":16000,"href":"https:\/\/www.evim-finanz.at\/tr\/wp-json\/wp\/v2\/pages\/13909\/revisions\/16000"}],"wp:attachment":[{"href":"https:\/\/www.evim-finanz.at\/tr\/wp-json\/wp\/v2\/media?parent=13909"}],"curies":[{"name":"wp","href":"https:\/\/api.w.org\/{rel}","templated":true}]}}