{"id":13919,"date":"2020-12-12T16:41:32","date_gmt":"2020-12-12T16:41:32","guid":{"rendered":"https:\/\/www.evim-consulting.at\/?page_id=13919"},"modified":"2021-09-01T22:40:14","modified_gmt":"2021-09-01T22:40:14","slug":"hayat-sigortasi","status":"publish","type":"page","link":"https:\/\/www.evim-finanz.at\/tr\/hayat-sigortasi\/","title":{"rendered":"Hayat sigortas\u0131"},"content":{"rendered":"\t\t<div data-elementor-type=\"wp-page\" data-elementor-id=\"13919\" class=\"elementor elementor-13919\" data-elementor-post-type=\"page\">\n\t\t\t\t\t\t<section class=\"elementor-section elementor-top-section elementor-element elementor-element-29c61156 elementor-section-stretched elementor-section-boxed elementor-section-height-default elementor-section-height-default\" data-id=\"29c61156\" data-element_type=\"section\" data-e-type=\"section\" data-settings=\"{&quot;stretch_section&quot;:&quot;section-stretched&quot;,&quot;background_background&quot;:&quot;classic&quot;,&quot;pix_scale_in&quot;:&quot;none&quot;}\">\n\t\t\t\t\t\t<div class=\"elementor-container elementor-column-gap-default\">\n\t\t\t\t\t<div class=\"elementor-column elementor-col-100 elementor-top-column elementor-element elementor-element-4a87bae9\" data-id=\"4a87bae9\" data-element_type=\"column\" data-e-type=\"column\" data-settings=\"{&quot;pix_scale_in&quot;:&quot;none&quot;}\">\n\t\t\t<div class=\"elementor-widget-wrap elementor-element-populated\">\n\t\t\t\t\t\t<div class=\"elementor-element elementor-element-3cf4c1a3 elementor-invisible elementor-widget elementor-widget-pix-badge\" data-id=\"3cf4c1a3\" data-element_type=\"widget\" data-e-type=\"widget\" data-widget_type=\"pix-badge.default\">\n\t\t\t\t<div class=\"elementor-widget-container\">\n\t\t\t\t\t<div class=\"pix-element-div w-100 text-center\"><span class=\"pix-badge-element h6 d-inline-flex mr-1 animate-in\" data-anim-type=\"fade-in-up\" data-anim-delay=\"0\"><span class=\"badge font-weight-bold secondary-font  bg-gray-2  \" style=\" \"><span class=\"text-body-default\" style=\"\">Hayat Sigortas\u0131<\/span><\/span><\/span><\/div>\t\t\t\t<\/div>\n\t\t\t\t<\/div>\n\t\t\t\t<div class=\"elementor-element elementor-element-3592f336 elementor-widget elementor-widget-pix-sliding-text\" data-id=\"3592f336\" data-element_type=\"widget\" data-e-type=\"widget\" data-widget_type=\"pix-sliding-text.default\">\n\t\t\t\t<div class=\"elementor-widget-container\">\n\t\t\t\t\t<div id=\"el-3592f336\" class=\"mb-3 text-center \"><h3 class=\"mb-32 pix-sliding-headline-2 animate-in font-weight-bold secondary-font \" data-anim-type=\"pix-sliding-text\" data-class=\"secondary-font text-gradient-primary\" style=\"\"><span class=\"slide-in-container \"><span class=\"pix-sliding-item secondary-font text-gradient-primary\" style=\"transition-delay: 0ms;\">Farkl\u0131&#32;<\/span><\/span> <span class=\"slide-in-container \"><span class=\"pix-sliding-item secondary-font text-gradient-primary\" style=\"transition-delay: 150ms;\">hayat&#32;<\/span><\/span> <span class=\"slide-in-container \"><span class=\"pix-sliding-item secondary-font text-gradient-primary\" style=\"transition-delay: 300ms;\">sigortas\u0131&#32;<\/span><\/span> <span class=\"slide-in-container \"><span class=\"pix-sliding-item secondary-font text-gradient-primary\" style=\"transition-delay: 450ms;\">t\u00fcrleri&#32;<\/span><\/span> <span class=\"slide-in-container \"><span class=\"pix-sliding-item secondary-font text-gradient-primary\" style=\"transition-delay: 600ms;\">oldu\u011fundan,&#32;<\/span><\/span> <span class=\"slide-in-container \"><span class=\"pix-sliding-item secondary-font text-gradient-primary\" style=\"transition-delay: 750ms;\">m\u00fc\u015fterinin&#32;<\/span><\/span> <span class=\"slide-in-container \"><span class=\"pix-sliding-item secondary-font text-gradient-primary\" style=\"transition-delay: 900ms;\">talebi&#32;<\/span><\/span> <span class=\"slide-in-container \"><span class=\"pix-sliding-item secondary-font text-gradient-primary\" style=\"transition-delay: 1050ms;\">ve&#32;<\/span><\/span> <span class=\"slide-in-container \"><span class=\"pix-sliding-item secondary-font text-gradient-primary\" style=\"transition-delay: 1200ms;\">beklentisi&#32;<\/span><\/span> <span class=\"slide-in-container \"><span class=\"pix-sliding-item secondary-font text-gradient-primary\" style=\"transition-delay: 1350ms;\">do\u011fru&#32;<\/span><\/span> <span class=\"slide-in-container \"><span class=\"pix-sliding-item secondary-font text-gradient-primary\" style=\"transition-delay: 1500ms;\">se\u00e7imi&#32;<\/span><\/span> <span class=\"slide-in-container \"><span class=\"pix-sliding-item secondary-font text-gradient-primary\" style=\"transition-delay: 1650ms;\">yapmada&#32;<\/span><\/span> <span class=\"slide-in-container \"><span class=\"pix-sliding-item secondary-font text-gradient-primary\" style=\"transition-delay: 1800ms;\">belirleyicidir.&#32;<\/span><\/span> <\/h3><\/div>\t\t\t\t<\/div>\n\t\t\t\t<\/div>\n\t\t\t\t<div class=\"elementor-element elementor-element-6ff95303 elementor-invisible elementor-widget elementor-widget-pix-text\" data-id=\"6ff95303\" data-element_type=\"widget\" data-e-type=\"widget\" data-widget_type=\"pix-text.default\">\n\t\t\t\t<div class=\"elementor-widget-container\">\n\t\t\t\t\t<div class=\"pix-el-text w-100 text-center \" ><p class=\"text-20 resp-option text-body-default text-center \" ><span class=\"text-body-default animate-in d-inline-block\" data-anim-delay=\"1400\" data-anim-type=\"fade-in-up\">Bir ba\u015fka hayat sigortas\u0131 ise klasik hayat sigortas\u0131ndan farkl\u0131 olarak, bu s\u00f6zle\u015fmenin sigortal\u0131 vefat etti\u011finde de\u011fil, \u00f6nceden kararla\u015ft\u0131r\u0131lan zamanda sona ermesidir.<\/span><\/p><\/div>\t\t\t\t<\/div>\n\t\t\t\t<\/div>\n\t\t\t\t<div class=\"elementor-element elementor-element-26fc9af6 elementor-invisible elementor-widget elementor-widget-pix-circles\" data-id=\"26fc9af6\" data-element_type=\"widget\" data-e-type=\"widget\" data-widget_type=\"pix-circles.default\">\n\t\t\t\t<div class=\"elementor-widget-container\">\n\t\t\t\t\t<div class=\"pix-circles-elem d-flex w-100 flex-column flex-sm-row justify-content-center justify-content-sm-center \"><div class=\"pix-circles pix-md-circles d-inline-flex align-items-center align-middle justify-content-center justify-content-sm-center\"><a class=\"align-middle circle-item pix-mr-5 pix-bg-custom animate-in  \" data-anim-type=\"fade-in-left\" data-anim-delay=\"1000\"  href=\"#\"   data-toggle=\"tooltip\" data-html=\"true\" data-placement=\"bottom\" title=\"Circle\" aria-label=\"Circle\"><img decoding=\"async\" src=\"https:\/\/www.evim-finanz.at\/wp-content\/uploads\/2020\/12\/icon5.png\"   width=\"60\" height=\"60\" class=\"rounded-circle bg-white\"  alt=\"\" \/><\/a><a class=\"align-middle circle-item pix-mr-5 pix-bg-custom animate-in  \" data-anim-type=\"fade-in-left\" data-anim-delay=\"1100\"  href=\"#\"   data-toggle=\"tooltip\" data-html=\"true\" data-placement=\"bottom\" title=\"Circle\" aria-label=\"Circle\"><img decoding=\"async\" src=\"https:\/\/www.evim-finanz.at\/wp-content\/uploads\/2020\/12\/icon6.png\"   width=\"60\" height=\"60\" class=\"rounded-circle bg-white\"  alt=\"\" \/><\/a><a class=\"align-middle circle-item pix-mr-5 pix-bg-custom animate-in  \" data-anim-type=\"fade-in-left\" data-anim-delay=\"1200\"  href=\"#\"   data-toggle=\"tooltip\" data-html=\"true\" data-placement=\"bottom\" title=\"Circle\" aria-label=\"Circle\"><img decoding=\"async\" src=\"https:\/\/www.evim-finanz.at\/wp-content\/uploads\/2020\/12\/icon1.png\"   width=\"60\" height=\"60\" class=\"rounded-circle bg-white\"  alt=\"\" \/><\/a><\/div><div class=\"pix-ml-5 align-items-center align-items-center d-flex pt-md-0 pt-3 justify-content-center justify-content-sm-center\"><a  href=\"#\" class=\"btn m-0      text-heading-default btn-underline-gray-8 d-inline-flex align-items-center pix-hover-item       animate-in btn-md\"   data-anim-type=\"fade-in-left\" data-anim-delay=\"1300\" ><span class=\"font-weight-bold  text-heading-default\" >Sigorta Se\u00e7eneklerini Kar\u015f\u0131la\u015ft\u0131r\u0131n<\/span><svg class=\"pixfort-icon font-weight-bold  pix-hover-right  ml-2\" width=\"24\" height=\"24\"  data-name=\"Line\/pixfort-icon-arrow-right-2\" viewBox=\"2 2 20 20\"><polyline fill=\"none\" stroke=\"var(--pf-icon-color)\" stroke-linecap=\"round\" stroke-linejoin=\"round\" stroke-width=\"var(--pf-icon-stroke-width)\" points=\"9.5 17 14.5 12 9.5 7\"\/><\/svg><\/a><\/div><\/div>\t\t\t\t<\/div>\n\t\t\t\t<\/div>\n\t\t\t\t<div class=\"elementor-element elementor-element-0079fca elementor-widget elementor-widget-spacer\" data-id=\"0079fca\" data-element_type=\"widget\" data-e-type=\"widget\" data-widget_type=\"spacer.default\">\n\t\t\t\t<div class=\"elementor-widget-container\">\n\t\t\t\t\t\t\t<div class=\"elementor-spacer\">\n\t\t\t<div class=\"elementor-spacer-inner\"><\/div>\n\t\t<\/div>\n\t\t\t\t\t\t<\/div>\n\t\t\t\t<\/div>\n\t\t\t\t\t<\/div>\n\t\t<\/div>\n\t\t\t\t\t<\/div>\n\t\t<\/section>\n\t\t\t\t<section class=\"elementor-section elementor-top-section elementor-element elementor-element-b92e834 elementor-section-boxed elementor-section-height-default elementor-section-height-default\" data-id=\"b92e834\" data-element_type=\"section\" data-e-type=\"section\" data-settings=\"{&quot;pix_scale_in&quot;:&quot;none&quot;}\">\n\t\t\t\t\t\t<div class=\"elementor-container elementor-column-gap-default\">\n\t\t\t\t\t<div class=\"elementor-column elementor-col-50 elementor-top-column elementor-element elementor-element-afc22e2\" data-id=\"afc22e2\" data-element_type=\"column\" data-e-type=\"column\" data-settings=\"{&quot;pix_scale_in&quot;:&quot;none&quot;}\">\n\t\t\t<div class=\"elementor-widget-wrap elementor-element-populated\">\n\t\t\t\t\t\t<div class=\"elementor-element elementor-element-fbf1764 elementor-widget elementor-widget-image\" data-id=\"fbf1764\" data-element_type=\"widget\" data-e-type=\"widget\" data-widget_type=\"image.default\">\n\t\t\t\t<div class=\"elementor-widget-container\">\n\t\t\t\t\t\t\t\t\t\t\t\t\t\t\t<img loading=\"lazy\" decoding=\"async\" width=\"640\" height=\"640\" src=\"https:\/\/www.evim-finanz.at\/wp-content\/uploads\/2020\/05\/startup-highlight-1.jpg\" class=\"attachment-large size-large wp-image-3086\" alt=\"\" srcset=\"https:\/\/www.evim-finanz.at\/wp-content\/uploads\/2020\/05\/startup-highlight-1.jpg 800w, https:\/\/www.evim-finanz.at\/wp-content\/uploads\/2020\/05\/startup-highlight-1-300x300.jpg 300w, https:\/\/www.evim-finanz.at\/wp-content\/uploads\/2020\/05\/startup-highlight-1-150x150.jpg 150w, https:\/\/www.evim-finanz.at\/wp-content\/uploads\/2020\/05\/startup-highlight-1-768x768.jpg 768w, https:\/\/www.evim-finanz.at\/wp-content\/uploads\/2020\/05\/startup-highlight-1-400x400.jpg 400w, https:\/\/www.evim-finanz.at\/wp-content\/uploads\/2020\/05\/startup-highlight-1-75x75.jpg 75w, https:\/\/www.evim-finanz.at\/wp-content\/uploads\/2020\/05\/startup-highlight-1-460x460.jpg 460w\" sizes=\"(max-width: 640px) 100vw, 640px\" \/>\t\t\t\t\t\t\t\t\t\t\t\t\t\t\t<\/div>\n\t\t\t\t<\/div>\n\t\t\t\t\t<\/div>\n\t\t<\/div>\n\t\t\t\t<div class=\"elementor-column elementor-col-50 elementor-top-column elementor-element elementor-element-723c34c\" data-id=\"723c34c\" data-element_type=\"column\" data-e-type=\"column\" data-settings=\"{&quot;pix_scale_in&quot;:&quot;none&quot;}\">\n\t\t\t<div class=\"elementor-widget-wrap elementor-element-populated\">\n\t\t\t\t\t\t<div class=\"elementor-element elementor-element-70b7d95 elementor-widget elementor-widget-text-editor\" data-id=\"70b7d95\" data-element_type=\"widget\" data-e-type=\"widget\" data-widget_type=\"text-editor.default\">\n\t\t\t\t<div class=\"elementor-widget-container\">\n\t\t\t\t\t\t\t\t\t<p style=\"text-align: center;\">Klasik hayat sigortas\u0131, iki avantaj\u0131 tek bir s\u00f6zle\u015fmede birle\u015ftirir. Daha riskli yakla\u015f\u0131m\u0131 tercih edenler i\u00e7in birime ba\u011fl\u0131 hayat sigortas\u0131 da bulunmaktad\u0131r. Termfix sigortas\u0131 bir ba\u015fka hayat sigortas\u0131d\u0131r. Klasik hayat sigortas\u0131ndan \u00f6nemli fark\u0131, bu s\u00f6zle\u015fmenin sigortal\u0131 vefat etti\u011finde de\u011fil, \u00f6nceden kararla\u015ft\u0131r\u0131lan zamanda sona ermesidir.<\/p><p style=\"text-align: center;\">Bir de\u011ferlendirme ger\u00e7ekle\u015ftirerek, ihtiya\u00e7lar\u0131n\u0131z\u0131 kar\u015f\u0131layan sigorta ya\u015fam durumuna ve hedefe ba\u011fl\u0131 olarak berlirlenebilir.<\/p>\t\t\t\t\t\t\t\t<\/div>\n\t\t\t\t<\/div>\n\t\t\t\t\t<\/div>\n\t\t<\/div>\n\t\t\t\t\t<\/div>\n\t\t<\/section>\n\t\t\t\t<\/div>\n\t\t","protected":false},"excerpt":{"rendered":"<p>Hayat Sigortas\u0131 Farkl\u0131 hayat sigortas\u0131 t\u00fcrleri oldu\u011fundan, m\u00fc\u015fterinin talebi ve beklentisi do\u011fru se\u00e7imi yapmada belirleyicidir. Bir ba\u015fka hayat sigortas\u0131 ise klasik hayat sigortas\u0131ndan farkl\u0131 olarak, bu s\u00f6zle\u015fmenin sigortal\u0131 vefat etti\u011finde de\u011fil, \u00f6nceden kararla\u015ft\u0131r\u0131lan zamanda sona ermesidir. Sigorta Se\u00e7eneklerini Kar\u015f\u0131la\u015ft\u0131r\u0131n Klasik&#8230;<\/p>\n","protected":false},"author":1,"featured_media":0,"parent":0,"menu_order":0,"comment_status":"closed","ping_status":"closed","template":"","meta":{"inline_featured_image":false,"footnotes":""},"class_list":["post-13919","page","type-page","status-publish","hentry"],"yoast_head":"<!-- This site is optimized with the Yoast SEO plugin v27.5 - https:\/\/yoast.com\/product\/yoast-seo-wordpress\/ -->\n<title>Hayat sigortas\u0131 - EVIM Finanz<\/title>\n<meta name=\"robots\" content=\"index, follow, max-snippet:-1, max-image-preview:large, max-video-preview:-1\" \/>\n<link rel=\"canonical\" href=\"https:\/\/www.evim-finanz.at\/tr\/hayat-sigortasi\/\" \/>\n<meta property=\"og:locale\" content=\"tr_TR\" \/>\n<meta property=\"og:type\" content=\"article\" \/>\n<meta property=\"og:title\" content=\"Hayat sigortas\u0131 - EVIM Finanz\" \/>\n<meta property=\"og:description\" content=\"Hayat Sigortas\u0131 Farkl\u0131 hayat sigortas\u0131 t\u00fcrleri oldu\u011fundan, m\u00fc\u015fterinin talebi ve beklentisi do\u011fru se\u00e7imi yapmada belirleyicidir. Bir ba\u015fka hayat sigortas\u0131 ise klasik hayat sigortas\u0131ndan farkl\u0131 olarak, bu s\u00f6zle\u015fmenin sigortal\u0131 vefat etti\u011finde de\u011fil, \u00f6nceden kararla\u015ft\u0131r\u0131lan zamanda sona ermesidir. Sigorta Se\u00e7eneklerini Kar\u015f\u0131la\u015ft\u0131r\u0131n Klasik...\" \/>\n<meta property=\"og:url\" content=\"https:\/\/www.evim-finanz.at\/tr\/hayat-sigortasi\/\" \/>\n<meta property=\"og:site_name\" content=\"EVIM Finanz\" \/>\n<meta property=\"article:modified_time\" content=\"2021-09-01T22:40:14+00:00\" \/>\n<meta property=\"og:image\" content=\"https:\/\/www.evim-finanz.at\/wp-content\/uploads\/2020\/12\/icon5.png\" \/>\n<meta name=\"twitter:card\" content=\"summary_large_image\" \/>\n<meta name=\"twitter:label1\" content=\"Tahmini okuma s\u00fcresi\" \/>\n\t<meta name=\"twitter:data1\" content=\"1 dakika\" \/>\n<script type=\"application\/ld+json\" class=\"yoast-schema-graph\">{\"@context\":\"https:\\\/\\\/schema.org\",\"@graph\":[{\"@type\":\"WebPage\",\"@id\":\"https:\\\/\\\/www.evim-finanz.at\\\/tr\\\/hayat-sigortasi\\\/\",\"url\":\"https:\\\/\\\/www.evim-finanz.at\\\/tr\\\/hayat-sigortasi\\\/\",\"name\":\"Hayat sigortas\u0131 - EVIM Finanz\",\"isPartOf\":{\"@id\":\"https:\\\/\\\/www.evim-finanz.at\\\/#website\"},\"primaryImageOfPage\":{\"@id\":\"https:\\\/\\\/www.evim-finanz.at\\\/tr\\\/hayat-sigortasi\\\/#primaryimage\"},\"image\":{\"@id\":\"https:\\\/\\\/www.evim-finanz.at\\\/tr\\\/hayat-sigortasi\\\/#primaryimage\"},\"thumbnailUrl\":\"https:\\\/\\\/www.evim-finanz.at\\\/wp-content\\\/uploads\\\/2020\\\/12\\\/icon5.png\",\"datePublished\":\"2020-12-12T16:41:32+00:00\",\"dateModified\":\"2021-09-01T22:40:14+00:00\",\"breadcrumb\":{\"@id\":\"https:\\\/\\\/www.evim-finanz.at\\\/tr\\\/hayat-sigortasi\\\/#breadcrumb\"},\"inLanguage\":\"tr\",\"potentialAction\":[{\"@type\":\"ReadAction\",\"target\":[\"https:\\\/\\\/www.evim-finanz.at\\\/tr\\\/hayat-sigortasi\\\/\"]}]},{\"@type\":\"ImageObject\",\"inLanguage\":\"tr\",\"@id\":\"https:\\\/\\\/www.evim-finanz.at\\\/tr\\\/hayat-sigortasi\\\/#primaryimage\",\"url\":\"https:\\\/\\\/www.evim-finanz.at\\\/wp-content\\\/uploads\\\/2020\\\/12\\\/icon5.png\",\"contentUrl\":\"https:\\\/\\\/www.evim-finanz.at\\\/wp-content\\\/uploads\\\/2020\\\/12\\\/icon5.png\"},{\"@type\":\"BreadcrumbList\",\"@id\":\"https:\\\/\\\/www.evim-finanz.at\\\/tr\\\/hayat-sigortasi\\\/#breadcrumb\",\"itemListElement\":[{\"@type\":\"ListItem\",\"position\":1,\"name\":\"Startseite\",\"item\":\"https:\\\/\\\/www.evim-finanz.at\\\/tr\\\/\"},{\"@type\":\"ListItem\",\"position\":2,\"name\":\"Hayat sigortas\u0131\"}]},{\"@type\":\"WebSite\",\"@id\":\"https:\\\/\\\/www.evim-finanz.at\\\/#website\",\"url\":\"https:\\\/\\\/www.evim-finanz.at\\\/\",\"name\":\"EVIM Finanz\",\"description\":\"EVIM Finanz ist Ihr Spezialist f\u00fcr Finanzen.\",\"potentialAction\":[{\"@type\":\"SearchAction\",\"target\":{\"@type\":\"EntryPoint\",\"urlTemplate\":\"https:\\\/\\\/www.evim-finanz.at\\\/?s={search_term_string}\"},\"query-input\":{\"@type\":\"PropertyValueSpecification\",\"valueRequired\":true,\"valueName\":\"search_term_string\"}}],\"inLanguage\":\"tr\"}]}<\/script>\n<!-- \/ Yoast SEO plugin. -->","yoast_head_json":{"title":"Hayat sigortas\u0131 - EVIM Finanz","robots":{"index":"index","follow":"follow","max-snippet":"max-snippet:-1","max-image-preview":"max-image-preview:large","max-video-preview":"max-video-preview:-1"},"canonical":"https:\/\/www.evim-finanz.at\/tr\/hayat-sigortasi\/","og_locale":"tr_TR","og_type":"article","og_title":"Hayat sigortas\u0131 - EVIM Finanz","og_description":"Hayat Sigortas\u0131 Farkl\u0131 hayat sigortas\u0131 t\u00fcrleri oldu\u011fundan, m\u00fc\u015fterinin talebi ve beklentisi do\u011fru se\u00e7imi yapmada belirleyicidir. Bir ba\u015fka hayat sigortas\u0131 ise klasik hayat sigortas\u0131ndan farkl\u0131 olarak, bu s\u00f6zle\u015fmenin sigortal\u0131 vefat etti\u011finde de\u011fil, \u00f6nceden kararla\u015ft\u0131r\u0131lan zamanda sona ermesidir. Sigorta Se\u00e7eneklerini Kar\u015f\u0131la\u015ft\u0131r\u0131n Klasik...","og_url":"https:\/\/www.evim-finanz.at\/tr\/hayat-sigortasi\/","og_site_name":"EVIM Finanz","article_modified_time":"2021-09-01T22:40:14+00:00","og_image":[{"url":"https:\/\/www.evim-finanz.at\/wp-content\/uploads\/2020\/12\/icon5.png","type":"","width":"","height":""}],"twitter_card":"summary_large_image","twitter_misc":{"Tahmini okuma s\u00fcresi":"1 dakika"},"schema":{"@context":"https:\/\/schema.org","@graph":[{"@type":"WebPage","@id":"https:\/\/www.evim-finanz.at\/tr\/hayat-sigortasi\/","url":"https:\/\/www.evim-finanz.at\/tr\/hayat-sigortasi\/","name":"Hayat sigortas\u0131 - EVIM Finanz","isPartOf":{"@id":"https:\/\/www.evim-finanz.at\/#website"},"primaryImageOfPage":{"@id":"https:\/\/www.evim-finanz.at\/tr\/hayat-sigortasi\/#primaryimage"},"image":{"@id":"https:\/\/www.evim-finanz.at\/tr\/hayat-sigortasi\/#primaryimage"},"thumbnailUrl":"https:\/\/www.evim-finanz.at\/wp-content\/uploads\/2020\/12\/icon5.png","datePublished":"2020-12-12T16:41:32+00:00","dateModified":"2021-09-01T22:40:14+00:00","breadcrumb":{"@id":"https:\/\/www.evim-finanz.at\/tr\/hayat-sigortasi\/#breadcrumb"},"inLanguage":"tr","potentialAction":[{"@type":"ReadAction","target":["https:\/\/www.evim-finanz.at\/tr\/hayat-sigortasi\/"]}]},{"@type":"ImageObject","inLanguage":"tr","@id":"https:\/\/www.evim-finanz.at\/tr\/hayat-sigortasi\/#primaryimage","url":"https:\/\/www.evim-finanz.at\/wp-content\/uploads\/2020\/12\/icon5.png","contentUrl":"https:\/\/www.evim-finanz.at\/wp-content\/uploads\/2020\/12\/icon5.png"},{"@type":"BreadcrumbList","@id":"https:\/\/www.evim-finanz.at\/tr\/hayat-sigortasi\/#breadcrumb","itemListElement":[{"@type":"ListItem","position":1,"name":"Startseite","item":"https:\/\/www.evim-finanz.at\/tr\/"},{"@type":"ListItem","position":2,"name":"Hayat sigortas\u0131"}]},{"@type":"WebSite","@id":"https:\/\/www.evim-finanz.at\/#website","url":"https:\/\/www.evim-finanz.at\/","name":"EVIM Finanz","description":"EVIM Finanz ist Ihr Spezialist f\u00fcr Finanzen.","potentialAction":[{"@type":"SearchAction","target":{"@type":"EntryPoint","urlTemplate":"https:\/\/www.evim-finanz.at\/?s={search_term_string}"},"query-input":{"@type":"PropertyValueSpecification","valueRequired":true,"valueName":"search_term_string"}}],"inLanguage":"tr"}]}},"_links":{"self":[{"href":"https:\/\/www.evim-finanz.at\/tr\/wp-json\/wp\/v2\/pages\/13919","targetHints":{"allow":["GET"]}}],"collection":[{"href":"https:\/\/www.evim-finanz.at\/tr\/wp-json\/wp\/v2\/pages"}],"about":[{"href":"https:\/\/www.evim-finanz.at\/tr\/wp-json\/wp\/v2\/types\/page"}],"author":[{"embeddable":true,"href":"https:\/\/www.evim-finanz.at\/tr\/wp-json\/wp\/v2\/users\/1"}],"replies":[{"embeddable":true,"href":"https:\/\/www.evim-finanz.at\/tr\/wp-json\/wp\/v2\/comments?post=13919"}],"version-history":[{"count":1,"href":"https:\/\/www.evim-finanz.at\/tr\/wp-json\/wp\/v2\/pages\/13919\/revisions"}],"predecessor-version":[{"id":16002,"href":"https:\/\/www.evim-finanz.at\/tr\/wp-json\/wp\/v2\/pages\/13919\/revisions\/16002"}],"wp:attachment":[{"href":"https:\/\/www.evim-finanz.at\/tr\/wp-json\/wp\/v2\/media?parent=13919"}],"curies":[{"name":"wp","href":"https:\/\/api.w.org\/{rel}","templated":true}]}}